{"id":29,"date":"2019-01-19T09:03:05","date_gmt":"2019-01-19T09:03:05","guid":{"rendered":"https:\/\/dev.kungfucentrum.de\/?page_id=29"},"modified":"2025-09-01T08:53:40","modified_gmt":"2025-09-01T07:53:40","slug":"impressum","status":"publish","type":"page","link":"https:\/\/kungfucentrum.de\/?page_id=29","title":{"rendered":"Impressum"},"content":{"rendered":"<p><span style=\"font-size: 12pt;\"><strong>Angaben gem\u00e4\u00df \u00a7 5 TMG<\/strong><\/span><\/p>\n<p><span style=\"font-size: 12pt;\">Kungfucentrumnord<\/span><br \/>\n<span style=\"font-size: 12pt;\">Eschelsweg 4<\/span><br \/>\n<span style=\"font-size: 12pt;\">22767 Hamburg<\/span><\/p>\n<p><span style=\"font-size: 12pt;\"><strong>Kontakt<\/strong><\/span><span style=\"font-size: 12pt;\"><br \/>\nMobil: +49 176 4706 4829<br \/>\n<\/span><span style=\"font-size: 12pt;\">E-Mail: info@kungfucentrum.de<\/span><\/p>\n<p><span style=\"font-size: 12pt;\"><strong>Verbraucherstreitbeilegung\/Universalschlichtungsstelle<\/strong><\/span><br \/>\n<span style=\"font-size: 12pt;\">Wir sind nicht bereit oder verpflichtet, an Streitbeilegungsverfahren vor einer<\/span><br \/>\n<span style=\"font-size: 12pt;\">Verbraucherschlichtungsstelle teilzunehmen.<\/span><\/p>\n<p><span style=\"font-size: 12pt;\"><strong>Haftung f\u00fcr Inhalte<\/strong><\/span><br \/>\n<span style=\"font-size: 12pt;\">Als Diensteanbieter sind wir gem\u00e4\u00df \u00a7 7 Abs.1 TMG f\u00fcr eigene Inhalte auf diesen Seiten nach den <\/span><span style=\"font-size: 12pt;\">allgemeinen Gesetzen verantwortlich. Nach \u00a7\u00a7 8 bis 10 TMG sind wir als Diensteanbieter jedoch nicht <\/span><span style=\"font-size: 12pt;\">verpflichtet, \u00fcbermittelte oder gespeicherte fremde Informationen zu \u00fcberwachen oder nach Umst\u00e4nden zu <\/span><span style=\"font-size: 12pt;\">forschen, die auf eine rechtswidrige T\u00e4tigkeit hinweisen. <\/span><span style=\"font-size: 12pt;\">Verpflichtungen zur Entfernung oder Sperrung der Nutzung von Informationen nach den allgemeinen <\/span><span style=\"font-size: 12pt;\">Gesetzen bleiben hiervon unber\u00fchrt. Eine diesbez\u00fcgliche Haftung ist jedoch erst ab dem Zeitpunkt der <\/span><span style=\"font-size: 12pt;\">Kenntnis einer konkreten Rechtsverletzung m\u00f6glich. Bei Bekanntwerden von entsprechenden <\/span><span style=\"font-size: 12pt;\">Rechtsverletzungen werden wir diese Inhalte umgehend entfernen.<\/span><\/p>\n<p><span style=\"font-size: 12pt;\"><strong>Haftung f\u00fcr Links<\/strong><\/span><br \/>\n<span style=\"font-size: 12pt;\">Unser Angebot enth\u00e4lt Links zu externen Websites Dritter, auf deren Inhalte wir keinen Einfluss haben. <\/span><span style=\"font-size: 12pt;\">Deshalb k\u00f6nnen wir f\u00fcr diese fremden Inhalte auch keine Gew\u00e4hr \u00fcbernehmen. F\u00fcr die Inhalte der <\/span><span style=\"font-size: 12pt;\">verlinkten Seiten ist stets der jeweilige Anbieter oder Betreiber der Seiten verantwortlich. Die verlinkten <\/span><span style=\"font-size: 12pt;\">Seiten wurden zum Zeitpunkt der Verlinkung auf m\u00f6gliche Rechtsverst\u00f6\u00dfe \u00fcberpr\u00fcft. Rechtswidrige Inhalte <\/span><span style=\"font-size: 12pt;\">waren zum Zeitpunkt der Verlinkung nicht erkennbar. <\/span><span style=\"font-size: 12pt;\">Eine permanente inhaltliche Kontrolle der verlinkten Seiten ist jedoch ohne konkrete Anhaltspunkte einer <\/span><span style=\"font-size: 12pt;\">Rechtsverletzung nicht zumutbar. Bei Bekanntwerden von Rechtsverletzungen werden wir derartige Links <\/span><span style=\"font-size: 12pt;\">umgehend entfernen.<\/span><\/p>\n<p><span style=\"font-size: 12pt;\"><strong>Urheberrecht<\/strong><\/span><br \/>\n<span style=\"font-size: 12pt;\">Die durch die Seitenbetreiber erstellten Inhalte und Werke auf diesen Seiten unterliegen dem deutschen <\/span><span style=\"font-size: 12pt;\">Urheberrecht. Die Vervielf\u00e4ltigung, Bearbeitung, Verbreitung und jede Art der Verwertung au\u00dferhalb der <\/span><span style=\"font-size: 12pt;\">Grenzen des Urheberrechtes bed\u00fcrfen der schriftlichen Zustimmung des jeweiligen Autors bzw. Erstellers. <\/span><span style=\"font-size: 12pt;\">Downloads und Kopien dieser Seite sind nur f\u00fcr den privaten, nicht kommerziellen Gebrauch gestattet.\u00a0 <\/span><span style=\"font-size: 12pt;\">Soweit die Inhalte auf dieser Seite nicht vom Betreiber erstellt wurden, werden die Urheberrechte Dritter <\/span><span style=\"font-size: 12pt;\">beachtet. Insbesondere werden Inhalte Dritter als solche gekennzeichnet. Sollten Sie trotzdem auf eine <\/span><span style=\"font-size: 12pt;\">Urheberrechtsverletzung aufmerksam werden, bitten wir um einen entsprechenden Hinweis. Bei <\/span><span style=\"font-size: 12pt;\">Bekanntwerden von Rechtsverletzungen werden wir derartige Inhalte umgehend entfernen.<\/span><\/p>\n","protected":false},"excerpt":{"rendered":"<p>Angaben gem\u00e4\u00df \u00a7 5 TMG Kungfucentrumnord Eschelsweg 4 22767 Hamburg Kontakt Mobil: +49 176 4706 4829 E-Mail: info@kungfucentrum.de Verbraucherstreitbeilegung\/Universalschlichtungsstelle Wir sind nicht bereit oder verpflichtet, an Streitbeilegungsverfahren vor einer Verbraucherschlichtungsstelle teilzunehmen. Haftung f\u00fcr Inhalte Als Diensteanbieter sind wir gem\u00e4\u00df \u00a7 7 Abs.1 TMG f\u00fcr eigene Inhalte auf diesen Seiten nach den allgemeinen Gesetzen verantwortlich. Nach [&hellip;]<\/p>\n","protected":false},"author":1,"featured_media":0,"parent":0,"menu_order":0,"comment_status":"closed","ping_status":"closed","template":"","meta":{"footnotes":""},"class_list":["post-29","page","type-page","status-publish","hentry","post-preview"],"_links":{"self":[{"href":"https:\/\/kungfucentrum.de\/index.php?rest_route=\/wp\/v2\/pages\/29","targetHints":{"allow":["GET"]}}],"collection":[{"href":"https:\/\/kungfucentrum.de\/index.php?rest_route=\/wp\/v2\/pages"}],"about":[{"href":"https:\/\/kungfucentrum.de\/index.php?rest_route=\/wp\/v2\/types\/page"}],"author":[{"embeddable":true,"href":"https:\/\/kungfucentrum.de\/index.php?rest_route=\/wp\/v2\/users\/1"}],"replies":[{"embeddable":true,"href":"https:\/\/kungfucentrum.de\/index.php?rest_route=%2Fwp%2Fv2%2Fcomments&post=29"}],"version-history":[{"count":13,"href":"https:\/\/kungfucentrum.de\/index.php?rest_route=\/wp\/v2\/pages\/29\/revisions"}],"predecessor-version":[{"id":3490,"href":"https:\/\/kungfucentrum.de\/index.php?rest_route=\/wp\/v2\/pages\/29\/revisions\/3490"}],"wp:attachment":[{"href":"https:\/\/kungfucentrum.de\/index.php?rest_route=%2Fwp%2Fv2%2Fmedia&parent=29"}],"curies":[{"name":"wp","href":"https:\/\/api.w.org\/{rel}","templated":true}]}}