{"id":55,"date":"2019-01-19T09:12:46","date_gmt":"2019-01-19T08:12:46","guid":{"rendered":"https:\/\/dev.kungfucentrum.de\/?page_id=55"},"modified":"2023-05-26T08:35:40","modified_gmt":"2023-05-26T07:35:40","slug":"ausbildung","status":"publish","type":"page","link":"https:\/\/kungfucentrum.de\/?page_id=55","title":{"rendered":"Trainingsangebot"},"content":{"rendered":"<p><strong><span style=\"font-size: 14pt;\">Trainingszeiten<\/span><\/strong><\/p>\r\n<p>Unser Wing Chun Training findet unter der Woche jeden Tag statt:<\/p>\r\n<p><img loading=\"lazy\" decoding=\"async\" class=\"aligncenter wp-image-1663 size-full\" src=\"https:\/\/kungfucentrum.de\/wp-content\/uploads\/2023\/05\/Training-1.png\" alt=\"\" width=\"872\" height=\"350\" \/><\/p>\r\n<p>Zus\u00e4tzliche Trainingszeiten<\/p>\r\n<p>Training f\u00fcr Ausbildungssch\u00fcler (Trainierschein): Samstags und sonntags 09:00 &#8211; 13:00 Uhr.<br \/>Training f\u00fcr Privatsch\u00fcler: Nach Vereinbarung.<br \/>Training in Schwerpunktseminaren: Nach Interesse und Verf\u00fcgbarkeit.<\/p>\r\n<div id=\"attachment_874\" style=\"width: 1347px\" class=\"wp-caption aligncenter\"><img loading=\"lazy\" decoding=\"async\" aria-describedby=\"caption-attachment-874\" class=\"wp-image-874\" src=\"https:\/\/kungfucentrum.de\/wp-content\/uploads\/2022\/10\/training1-1.jpg\" alt=\"\" width=\"1337\" height=\"450\" \/><p id=\"caption-attachment-874\" class=\"wp-caption-text\">Die Sch\u00fcler beim Chi-Sao Training.<\/p><\/div>\r\n<p>&nbsp;<\/p>\r\n<p><strong><span style=\"font-size: 14pt;\">Tarife<\/span><\/strong><\/p>\r\n<p><strong>Interessierte k\u00f6nnen bei uns eine Woche kostenlos mittrainieren!<\/strong><\/p>\r\n<p><\/p>\r\n<p><\/p>\r\n<p>W\u00e4hle den f\u00fcr dich passenden Tarif aus den folgenden Angeboten:<\/p>\r\n<p><img loading=\"lazy\" decoding=\"async\" class=\"aligncenter wp-image-663 size-full\" src=\"https:\/\/kungfucentrum.de\/wp-content\/uploads\/2020\/04\/Preise-1.png\" alt=\"\" width=\"876\" height=\"249\" srcset=\"https:\/\/kungfucentrum.de\/wp-content\/uploads\/2020\/04\/Preise-1.png 876w, https:\/\/kungfucentrum.de\/wp-content\/uploads\/2020\/04\/Preise-1-300x85.png 300w, https:\/\/kungfucentrum.de\/wp-content\/uploads\/2020\/04\/Preise-1-768x218.png 768w, https:\/\/kungfucentrum.de\/wp-content\/uploads\/2020\/04\/Preise-1-676x192.png 676w\" sizes=\"auto, (max-width: 876px) 100vw, 876px\" \/><span style=\"font-size: 10pt;\">Alle Preise gelten pro Monat<\/span><\/p>\r\n<p><!-- \/wp:paragraph -->\r\n\r\n<!-- wp:paragraph {\"fontSize\":\"small\"} --><\/p>\r\n<p class=\"has-small-font-size\"><span style=\"font-size: 12pt;\">Einmalige Aufnahmegeb\u00fchr: 30 <\/span><span style=\"font-size: 12pt;\">\u20ac<\/span><\/p>\r\n<p class=\"has-small-font-size\"><span style=\"font-size: 12pt;\">Jahresverbandsbeitrag: 200,00 <\/span><span style=\"font-size: 12pt;\">\u20ac<\/span><span style=\"font-size: 12pt;\"> f\u00fcr Erwachsene und 110\u20ac f\u00fcr Kinder, jeweils inkl. der Versicherungsbeitr\u00e4ge und Verbandsabgaben.<\/span><\/p>\r\n<!-- wp:image {\"id\":310} -->\r\n<figure><\/figure>\r\n<figure class=\"wp-block-image\"><img loading=\"lazy\" decoding=\"async\" width=\"1024\" height=\"295\" class=\"wp-image-310\" src=\"http:\/\/dev.kungfucentrum.de\/wp-content\/uploads\/2019\/01\/thomas_mladen-1024x295.jpg\" alt=\"\" srcset=\"https:\/\/kungfucentrum.de\/wp-content\/uploads\/2019\/01\/thomas_mladen-1024x295.jpg 1024w, https:\/\/kungfucentrum.de\/wp-content\/uploads\/2019\/01\/thomas_mladen-300x87.jpg 300w, https:\/\/kungfucentrum.de\/wp-content\/uploads\/2019\/01\/thomas_mladen-768x222.jpg 768w, https:\/\/kungfucentrum.de\/wp-content\/uploads\/2019\/01\/thomas_mladen-676x195.jpg 676w\" sizes=\"auto, (max-width: 1024px) 100vw, 1024px\" \/>\r\n<figcaption>Beim Wing Chun Training lernen die Sch\u00fcler mit der Kraft des Gegners umzugehen.<\/figcaption>\r\n<\/figure>\r\n<!-- \/wp:image -->\r\n\r\n<!-- wp:paragraph -->\r\n<p>&nbsp;<\/p>\r\n<p><strong><span style=\"font-size: 14pt;\">Ausbildungstraining und Trainerschein<\/span><\/strong><\/p>\r\n<p><span style=\"font-size: 12pt;\">Das Kung Fu Centrum Nord bietet vertiefend zum regul\u00e4ren Training <\/span><span style=\"font-size: 12pt;\">zus\u00e4tzlich <\/span><span style=\"font-size: 12pt;\">Ausbildungstraining an. Ziel des vertiefenden Trainings in der Ausbildung ist es, das\u00a0 Lok Yiu Wing Chun zu verinnerlichen. So kann das Wissen kompetent an Interessierte und Sch\u00fcler weitergegeben werden. Die Ausbildung zum Trainer im Lok Yiu Wing Chun umfasst die erste Form Siu Lim Tau in Theorie und Praxis. Es wird das Verst\u00e4ndnis f\u00fcr die Form und damit f\u00fcr das Lok Yiu Wing Chun insgesamt vermittelt.<\/span><\/p>\r\n<div id=\"attachment_880\" style=\"width: 1698px\" class=\"wp-caption aligncenter\"><img loading=\"lazy\" decoding=\"async\" aria-describedby=\"caption-attachment-880\" class=\"wp-image-880\" src=\"https:\/\/kungfucentrum.de\/wp-content\/uploads\/2022\/10\/training3.jpg\" alt=\"\" width=\"1688\" height=\"1266\" \/><p id=\"caption-attachment-880\" class=\"wp-caption-text\">Sifu Ibo korrigiert die Sch\u00fcler beim Ausbildungstraininig.<\/p><\/div>\r\n<!-- \/wp:paragraph -->\r\n\r\n<!-- wp:paragraph -->\r\n<p><span style=\"font-size: 12pt;\">Nach dem Erlernen der Form folgen die grundlegenden \u00dcbungen die allesamt dem Prinzip der Siu Lim Tau folgen. Neben der spezifischen Bewegungslehre (das Bewegen unter Druck und Zug, Koordination der Arme und Beine, K\u00f6rper als geschlossene Einheit) wird dem To-Dai auch der Umgang mit der Kraft eines Gegners vermittelt. Dazu werden die Techniken der Siu Lim Tau im Lap Sau und Chi Sau umgesetzt. Sp\u00e4ter in ersten Go-Sau \u00dcbungen (Kampftraining), die eine grundlegende Verteidigungsf\u00e4higkeit darstellt. Der To-Dai assistiert w\u00e4hrend dieser Zeit auch im Unterricht und lernt so den Umgang mit den Sch\u00fclern und den Unterrichtsaufbau kennen.<\/span><\/p>\r\n<p><span style=\"font-size: 12pt;\"><!-- \/wp:paragraph -->\r\n\r\n<!-- wp:paragraph --><\/span><\/p>\r\n<p><span style=\"font-size: 12pt;\">Ihr Ausbildungsprogramm absolvieren Sie am Wochenende oder Wochentags au\u00dferhalb der abendlichen Trainingszeiten (an denen Sie zus\u00e4tzlich teilnehmen k\u00f6nnen). Die Dauer betr\u00e4gt in der Regel 12 Monate. In dieser Zeit muss der To-Dai intensiv und gewissenhaft an seinem Programm arbeiten um eine gute Basis im Wing Chun Kung Fu zu erreichen.<\/span><\/p>\r\n<div id=\"attachment_882\" style=\"width: 1786px\" class=\"wp-caption aligncenter\"><img loading=\"lazy\" decoding=\"async\" aria-describedby=\"caption-attachment-882\" class=\"wp-image-882\" src=\"https:\/\/kungfucentrum.de\/wp-content\/uploads\/2022\/10\/training4.jpg\" alt=\"\" width=\"1776\" height=\"682\" \/><p id=\"caption-attachment-882\" class=\"wp-caption-text\">Im Go-Sao wird das Trainierte frei angewendet.<\/p><\/div>\r\n<p><span style=\"font-size: 12pt;\"><!-- \/wp:paragraph -->\r\n\r\n<!-- wp:paragraph --><\/span><\/p>\r\n<p><span style=\"font-size: 12pt;\">Die Ausbildung findet im Namen und nach den Richtlinien des Europ\u00e4ischen Dachverbandes der ELYWCIMAA statt, der das Kung Fu Centrum Nord angeschlossen ist. Die gesamte Ausbildung findet im Kung Fu Centrum Nord in Hamburg statt. Die Abschlusspr\u00fcfung wird im Ausbildungszentrum des Dachverbandes abgenommen.<\/span><\/p>\r\n<p><span style=\"font-size: 12pt;\"><!-- \/wp:paragraph -->\r\n\r\n<!-- wp:paragraph --><\/span><\/p>\r\n<p><span style=\"font-size: 12pt;\">Was kann ich mit dem Abschluss eines Ausbilders anfangen?<\/span><\/p>\r\n<p><span style=\"font-size: 12pt;\"><!-- \/wp:paragraph -->\r\n\r\n<!-- wp:list --><\/span><\/p>\r\n<ul>\r\n<li><span style=\"font-size: 12pt;\">Unterrichten in einer schon bestehenden Schule.<\/span><\/li>\r\n<li><span style=\"font-size: 12pt;\">Unterrichten und er\u00f6ffnen einer eigenen selbst\u00e4ndigen Schule.<\/span><\/li>\r\n<li><span style=\"font-size: 12pt;\">Ausbildungs- und Unterrichtslizenz f\u00fcr Lok Yiu Wing Chun Kung Fu.<\/span><\/li>\r\n<li><span style=\"font-size: 12pt;\">Ausbilden von Gruppenleitern und Ausbildern.<\/span><\/li>\r\n<li><span style=\"font-size: 12pt;\">Eintragung in die LYWCIMAA-Hong Kong als anerkannter Ausbilder.<\/span><\/li>\r\n<li><span style=\"font-size: 12pt;\">Mitgliedschaft in der ELYWCIMAA und die Vorteile eines starken Verbandes nutzen.<\/span><\/li>\r\n<li><span style=\"font-size: 12pt;\">Unterrichtshandbuch I. Das Unterrichtswerk f\u00fcr den Ausbilder.<\/span><\/li>\r\n<li><span style=\"font-size: 12pt;\">N\u00e4chste Ausbildungsstufe.<\/span><\/li>\r\n<li><span style=\"font-size: 12pt;\">Weitere Unterrichtsgruppen er\u00f6ffnen.<\/span><\/li>\r\n<\/ul>\r\n<p><span style=\"font-size: 12pt;\"><!-- \/wp:list -->\r\n\r\n<!-- wp:paragraph --><\/span><\/p>\r\n<p><span style=\"font-size: 12pt;\">Wenn Sie sich vorstellen k\u00f6nnten, einmal selbst zu unterrichten, vielleicht sogar in einer eigenen selbst\u00e4ndigen Gruppe\/Schule, sprechen Sie uns gerne darauf an. Zukunftsorientiert steuern wir gemeinsam Ihre pers\u00f6nlichen Ziele an.<\/span><\/p>\r\n<!-- \/wp:paragraph -->\r\n<p>&nbsp;<\/p>\r\n<p class=\"has-small-font-size\">\u00a0<\/p>\r\n<p>&nbsp;<\/p>\r\n<!-- \/wp:paragraph -->\r\n\r\n<!-- wp:heading {\"level\":3} --><!-- \/wp:paragraph -->","protected":false},"excerpt":{"rendered":"<p>Trainingszeiten Unser Wing Chun Training findet unter der Woche jeden Tag statt: Zus\u00e4tzliche Trainingszeiten Training f\u00fcr Ausbildungssch\u00fcler (Trainierschein): Samstags und sonntags 09:00 &#8211; 13:00 Uhr.Training f\u00fcr Privatsch\u00fcler: Nach Vereinbarung.Training in Schwerpunktseminaren: Nach Interesse und Verf\u00fcgbarkeit. &nbsp; Tarife Interessierte k\u00f6nnen bei uns eine Woche kostenlos mittrainieren! W\u00e4hle den f\u00fcr dich passenden Tarif aus den folgenden Angeboten: [&hellip;]<\/p>\n","protected":false},"author":1,"featured_media":0,"parent":0,"menu_order":0,"comment_status":"closed","ping_status":"closed","template":"","meta":{"footnotes":""},"class_list":["post-55","page","type-page","status-publish","hentry","post-preview"],"_links":{"self":[{"href":"https:\/\/kungfucentrum.de\/index.php?rest_route=\/wp\/v2\/pages\/55","targetHints":{"allow":["GET"]}}],"collection":[{"href":"https:\/\/kungfucentrum.de\/index.php?rest_route=\/wp\/v2\/pages"}],"about":[{"href":"https:\/\/kungfucentrum.de\/index.php?rest_route=\/wp\/v2\/types\/page"}],"author":[{"embeddable":true,"href":"https:\/\/kungfucentrum.de\/index.php?rest_route=\/wp\/v2\/users\/1"}],"replies":[{"embeddable":true,"href":"https:\/\/kungfucentrum.de\/index.php?rest_route=%2Fwp%2Fv2%2Fcomments&post=55"}],"version-history":[{"count":27,"href":"https:\/\/kungfucentrum.de\/index.php?rest_route=\/wp\/v2\/pages\/55\/revisions"}],"predecessor-version":[{"id":1664,"href":"https:\/\/kungfucentrum.de\/index.php?rest_route=\/wp\/v2\/pages\/55\/revisions\/1664"}],"wp:attachment":[{"href":"https:\/\/kungfucentrum.de\/index.php?rest_route=%2Fwp%2Fv2%2Fmedia&parent=55"}],"curies":[{"name":"wp","href":"https:\/\/api.w.org\/{rel}","templated":true}]}}